{"id":6,"date":"2016-03-10T09:30:41","date_gmt":"2016-03-10T09:30:41","guid":{"rendered":"http:\/\/demo.sjodalens.se\/?page_id=6"},"modified":"2016-03-14T15:27:54","modified_gmt":"2016-03-14T15:27:54","slug":"om-foretaget","status":"publish","type":"page","link":"http:\/\/demo.sjodalens.se\/","title":{"rendered":"Om f\u00f6retaget"},"content":{"rendered":"<p>Vi utf\u00f6r kompletta tj\u00e4nster inom fastighetssk\u00f6tsel mot i f\u00f6rsta hand<br \/>\nbostadsr\u00e4ttsf\u00f6reningar i Stockholmsomr\u00e5det.<\/p>\n<p>F\u00f6retaget har varit verksamt inom fastighetsbranschen sedan starten 1997. Vi har under \u00e5ren hunnit samla p\u00e5 oss en bred erfarenhet b\u00e5de i \u00e4ldre fastighetsbest\u00e5nd och nyproduktion.<\/p>\n<p>&nbsp;<\/p>\n","protected":false},"excerpt":{"rendered":"<p>Vi utf\u00f6r kompletta tj\u00e4nster inom fastighetssk\u00f6tsel mot i f\u00f6rsta hand bostadsr\u00e4ttsf\u00f6reningar i Stockholmsomr\u00e5det. F\u00f6retaget har varit verksamt inom fastighetsbranschen sedan starten 1997. Vi har under \u00e5ren hunnit samla p\u00e5 oss&#8230; <a href=\"http:\/\/demo.sjodalens.se\/\">L\u00e4s mer &raquo;<\/a><\/p>\n","protected":false},"author":1,"featured_media":39,"parent":0,"menu_order":0,"comment_status":"closed","ping_status":"closed","template":"","meta":{"footnotes":""},"class_list":["post-6","page","type-page","status-publish","has-post-thumbnail","hentry"],"_links":{"self":[{"href":"http:\/\/demo.sjodalens.se\/index.php?rest_route=\/wp\/v2\/pages\/6","targetHints":{"allow":["GET"]}}],"collection":[{"href":"http:\/\/demo.sjodalens.se\/index.php?rest_route=\/wp\/v2\/pages"}],"about":[{"href":"http:\/\/demo.sjodalens.se\/index.php?rest_route=\/wp\/v2\/types\/page"}],"author":[{"embeddable":true,"href":"http:\/\/demo.sjodalens.se\/index.php?rest_route=\/wp\/v2\/users\/1"}],"replies":[{"embeddable":true,"href":"http:\/\/demo.sjodalens.se\/index.php?rest_route=%2Fwp%2Fv2%2Fcomments&post=6"}],"version-history":[{"count":8,"href":"http:\/\/demo.sjodalens.se\/index.php?rest_route=\/wp\/v2\/pages\/6\/revisions"}],"predecessor-version":[{"id":44,"href":"http:\/\/demo.sjodalens.se\/index.php?rest_route=\/wp\/v2\/pages\/6\/revisions\/44"}],"wp:featuredmedia":[{"embeddable":true,"href":"http:\/\/demo.sjodalens.se\/index.php?rest_route=\/wp\/v2\/media\/39"}],"wp:attachment":[{"href":"http:\/\/demo.sjodalens.se\/index.php?rest_route=%2Fwp%2Fv2%2Fmedia&parent=6"}],"curies":[{"name":"wp","href":"https:\/\/api.w.org\/{rel}","templated":true}]}}